{"id":5568,"date":"2024-04-05T14:59:06","date_gmt":"2024-04-05T12:59:06","guid":{"rendered":"https:\/\/shadesbymelanie.com\/?page_id=5568"},"modified":"2024-04-05T14:59:10","modified_gmt":"2024-04-05T12:59:10","slug":"collaborations","status":"publish","type":"page","link":"https:\/\/shadesbymelanie.com\/index.php\/collaborations\/","title":{"rendered":"Collaborations"},"content":{"rendered":"\n<p>Vous souhaitez collaborer avec nous (partenariat, concours, op\u00e9ration d&rsquo;influence ou autre demande) ? N&rsquo;h\u00e9sitez pas \u00e0 nous \u00e9crire \u00e0 l&rsquo;adresse\u00a0<strong>info.shadesbymelanie@gmail.com<\/strong>\u00a0ou directement via notre page\u00a0<a href=\"https:\/\/www.instagram.com\/cloralys.bijoux\/\">Instagram<\/a>. Nous sommes ouverts aux propositions !<\/p>\n","protected":false},"excerpt":{"rendered":"<p>Vous souhaitez collaborer avec nous (partenariat, concours, op\u00e9ration d&rsquo;influence ou autre demande) ? N&rsquo;h\u00e9sitez pas \u00e0 nous \u00e9crire \u00e0 l&rsquo;adresse\u00a0info.shadesbymelanie@gmail.com\u00a0ou directement via notre page\u00a0Instagram. Nous sommes ouverts aux propositions !<\/p>\n","protected":false},"author":1,"featured_media":0,"parent":0,"menu_order":0,"comment_status":"closed","ping_status":"closed","template":"","meta":{"footnotes":""},"class_list":["post-5568","page","type-page","status-publish","hentry"],"jetpack_sharing_enabled":true,"_links":{"self":[{"href":"https:\/\/shadesbymelanie.com\/index.php\/wp-json\/wp\/v2\/pages\/5568","targetHints":{"allow":["GET"]}}],"collection":[{"href":"https:\/\/shadesbymelanie.com\/index.php\/wp-json\/wp\/v2\/pages"}],"about":[{"href":"https:\/\/shadesbymelanie.com\/index.php\/wp-json\/wp\/v2\/types\/page"}],"author":[{"embeddable":true,"href":"https:\/\/shadesbymelanie.com\/index.php\/wp-json\/wp\/v2\/users\/1"}],"replies":[{"embeddable":true,"href":"https:\/\/shadesbymelanie.com\/index.php\/wp-json\/wp\/v2\/comments?post=5568"}],"version-history":[{"count":1,"href":"https:\/\/shadesbymelanie.com\/index.php\/wp-json\/wp\/v2\/pages\/5568\/revisions"}],"predecessor-version":[{"id":5569,"href":"https:\/\/shadesbymelanie.com\/index.php\/wp-json\/wp\/v2\/pages\/5568\/revisions\/5569"}],"wp:attachment":[{"href":"https:\/\/shadesbymelanie.com\/index.php\/wp-json\/wp\/v2\/media?parent=5568"}],"curies":[{"name":"wp","href":"https:\/\/api.w.org\/{rel}","templated":true}]}}