{"id":73,"date":"2022-01-20T19:57:02","date_gmt":"2022-01-20T18:57:02","guid":{"rendered":"http:\/\/shadesbymelanie.com\/?page_id=73"},"modified":"2022-07-25T17:53:36","modified_gmt":"2022-07-25T15:53:36","slug":"a-propos","status":"publish","type":"page","link":"https:\/\/shadesbymelanie.com\/index.php\/a-propos\/","title":{"rendered":"A propos"},"content":{"rendered":"\n<p class=\"has-text-color\" style=\"color:#a8a196;font-size:20px\"><strong>M\u00e9lanie, cr\u00e9atrice de Shades by M\u00e9lanie <\/strong><\/p>\n\n\n\n<p>Passionn\u00e9e d&rsquo;architecture et de d\u00e9coration d&rsquo;int\u00e9rieur, et apr\u00e8s avoir obtenu mon dipl\u00f4me de Designer en Architecture d&rsquo;int\u00e9rieur en juin 2021, je me mets \u00e0 chercher un travail dans ce secteur. Pendant ce temps, ayant plus de temps libre chez moi, je tombe par hasard sur ce nouveau mat\u00e9riau qu\u2019est la r\u00e9sine acrylique. <\/p>\n\n\n\n<p>Manuelle et cr\u00e9ative je d\u00e9cide de commencer \u00e0 tester et \u00e0 travailler la r\u00e9sine acrylique fin 2021, et depuis je n&rsquo;ai pas cess\u00e9 d&rsquo;exp\u00e9rimenter et de cr\u00e9er des objets avec ! Je suis tomb\u00e9e amoureuse de cette pierre reconstitu\u00e9e au moment ou je l\u2019ai touch\u00e9. Je m&rsquo;inspire de tout ce qui m&rsquo;entoure et tout commence en g\u00e9n\u00e9ral avec une envie de cr\u00e9er un objet pour moi-m\u00eame. <\/p>\n\n\n\n<p class=\"has-text-color\" style=\"color:#a8a196;font-size:17px\"><strong>La r\u00e9sine acrylique, qu&rsquo;est ce que c&rsquo;est ? <\/strong><\/p>\n\n\n\n<p>La r\u00e9sine acrylique est une r\u00e9sine cr\u00e9\u00e9e gr\u00e2ce \u00e0 la combinaison de liquide acrylique et de poudre de pierre de pl\u00e2tre qui s\u00e8che comme du b\u00e9ton, sans solvant ni COV et respectueux de l&rsquo;environnement. Elle n&rsquo;est pas dangereuse pour la sant\u00e9. Elle est r\u00e9sistante \u00e0 l&rsquo;eau et \u00e0 la chaleur.\u00a0Avec des temps de durcissement tr\u00e8s courts et des possibilit\u00e9s infinies, c&rsquo;est devenue la mati\u00e8re parfaite pour moi. <\/p>\n\n\n\n<p>J&rsquo;adore cr\u00e9er de nouveaux produits et mod\u00e8les. Chaque article que je fabrique est r\u00e9alis\u00e9 individuellement et enti\u00e8rement \u00e0 la main. Je m\u00e9lange la r\u00e9sine acrylique avec des pigments de couleur, pour faire l\u2019effet que je d\u00e9sire (uni, terrazzo, marbre, granit), et je le coule dans mon moule en silicone. Une fois dure, l\u2019objet est ponc\u00e9 \u00e0 la main, puis scell\u00e9 pour le prot\u00e9ger contre les d\u00e9g\u00e2ts de l\u2019eau. Chaque pi\u00e8ce finie est compl\u00e8tement unique !<\/p>\n\n\n\n<p><\/p>\n\n\n\n<p><\/p>\n\n\n\n<figure class=\"wp-block-gallery has-nested-images columns-default is-cropped wp-block-gallery-1 is-layout-flex wp-block-gallery-is-layout-flex\"><\/figure>\n","protected":false},"excerpt":{"rendered":"<p>M\u00e9lanie, cr\u00e9atrice de Shades by M\u00e9lanie Passionn\u00e9e d&rsquo;architecture et de d\u00e9coration d&rsquo;int\u00e9rieur, et apr\u00e8s avoir obtenu mon dipl\u00f4me de Designer en Architecture d&rsquo;int\u00e9rieur en juin 2021, je me mets \u00e0 [&hellip;]<\/p>\n","protected":false},"author":1,"featured_media":0,"parent":0,"menu_order":0,"comment_status":"closed","ping_status":"closed","template":"","meta":{"footnotes":""},"class_list":["post-73","page","type-page","status-publish","hentry"],"jetpack_sharing_enabled":true,"_links":{"self":[{"href":"https:\/\/shadesbymelanie.com\/index.php\/wp-json\/wp\/v2\/pages\/73","targetHints":{"allow":["GET"]}}],"collection":[{"href":"https:\/\/shadesbymelanie.com\/index.php\/wp-json\/wp\/v2\/pages"}],"about":[{"href":"https:\/\/shadesbymelanie.com\/index.php\/wp-json\/wp\/v2\/types\/page"}],"author":[{"embeddable":true,"href":"https:\/\/shadesbymelanie.com\/index.php\/wp-json\/wp\/v2\/users\/1"}],"replies":[{"embeddable":true,"href":"https:\/\/shadesbymelanie.com\/index.php\/wp-json\/wp\/v2\/comments?post=73"}],"version-history":[{"count":6,"href":"https:\/\/shadesbymelanie.com\/index.php\/wp-json\/wp\/v2\/pages\/73\/revisions"}],"predecessor-version":[{"id":2554,"href":"https:\/\/shadesbymelanie.com\/index.php\/wp-json\/wp\/v2\/pages\/73\/revisions\/2554"}],"wp:attachment":[{"href":"https:\/\/shadesbymelanie.com\/index.php\/wp-json\/wp\/v2\/media?parent=73"}],"curies":[{"name":"wp","href":"https:\/\/api.w.org\/{rel}","templated":true}]}}