{"id":3337,"date":"2022-11-16T17:42:55","date_gmt":"2022-11-16T16:42:55","guid":{"rendered":"https:\/\/shadesbymelanie.com\/?post_type=product&#038;p=3337"},"modified":"2026-03-07T19:27:05","modified_gmt":"2026-03-07T18:27:05","slug":"vide-poche-granite-lune","status":"publish","type":"product","link":"https:\/\/shadesbymelanie.com\/index.php\/produit\/vide-poche-granite-lune\/","title":{"rendered":"Vide-poche Luna &#8211; granite"},"content":{"rendered":"<p><strong>Mati\u00e8re<\/strong>\u00a0: R\u00e9sine acrylique. Non-toxique, \u00e0 base d\u2019eau, sans solvant ou COV.<\/p>\n<p><strong>Entretien\u00a0: <\/strong>Un vernis acrylique est appliqu\u00e9e sur chaque objet afin de le prot\u00e9ger de l\u2019exposition ou des dommages caus\u00e9s par l\u2019eau.\u00a0\u00a0Vous pouvez le nettoyer avec un chiffon doux humide et il est recommand\u00e9 de nettoyer les t\u00e2ches tenaces telles que le caf\u00e9, le th\u00e9, le vin etc le plus rapidement possible. Evitez toute \u00e9ponge ou autre objet grattant ainsi que les produits d\u2019entretien car vous risqueriez d\u2019en ab\u00eemer la surface.<\/p>\n<p><strong>A noter<\/strong> : Chaque pi\u00e8ce est faite \u00e0 la main de fa\u00e7on artisanale,\u00a0dans mon atelier \u00e0 Bordeaux. Pour cette raison elle peut pr\u00e9senter quelques asp\u00e9rit\u00e9s et parfois de l\u00e9g\u00e8res variations de couleur, ce qui en fait un mod\u00e8le unique.<\/p>\n","protected":false},"excerpt":{"rendered":"<p>Vide-poche Luna, effet granite. Id\u00e9ale comme vide-poche d\u2019entr\u00e9e pour y d\u00e9poser tes cl\u00e9s ou ta petite monnaie, dans une chambre pour ranger tes bijoux, ou encore dans une salle de bain..<\/p>\n<p>C\u2019est \u00e0 la fois un \u00e9l\u00e9ment de rangement et \u00e0 la fois une pi\u00e8ce forte apportant du caract\u00e8re \u00e0 ton int\u00e9rieur. Chaque pi\u00e8ce est unique.<\/p>\n<p><strong>Dimensions<\/strong> : 20\u00d712x4cm<\/p>\n","protected":false},"featured_media":7419,"template":"","meta":[],"product_brand":[],"product_cat":[56],"product_tag":[],"class_list":{"0":"post-3337","1":"product","2":"type-product","3":"status-publish","4":"has-post-thumbnail","6":"product_cat-vide-poches","8":"first","9":"instock","10":"purchasable","11":"product-type-simple"},"jetpack_sharing_enabled":true,"_links":{"self":[{"href":"https:\/\/shadesbymelanie.com\/index.php\/wp-json\/wp\/v2\/product\/3337","targetHints":{"allow":["GET"]}}],"collection":[{"href":"https:\/\/shadesbymelanie.com\/index.php\/wp-json\/wp\/v2\/product"}],"about":[{"href":"https:\/\/shadesbymelanie.com\/index.php\/wp-json\/wp\/v2\/types\/product"}],"wp:featuredmedia":[{"embeddable":true,"href":"https:\/\/shadesbymelanie.com\/index.php\/wp-json\/wp\/v2\/media\/7419"}],"wp:attachment":[{"href":"https:\/\/shadesbymelanie.com\/index.php\/wp-json\/wp\/v2\/media?parent=3337"}],"wp:term":[{"taxonomy":"product_brand","embeddable":true,"href":"https:\/\/shadesbymelanie.com\/index.php\/wp-json\/wp\/v2\/product_brand?post=3337"},{"taxonomy":"product_cat","embeddable":true,"href":"https:\/\/shadesbymelanie.com\/index.php\/wp-json\/wp\/v2\/product_cat?post=3337"},{"taxonomy":"product_tag","embeddable":true,"href":"https:\/\/shadesbymelanie.com\/index.php\/wp-json\/wp\/v2\/product_tag?post=3337"}],"curies":[{"name":"wp","href":"https:\/\/api.w.org\/{rel}","templated":true}]}}