{"id":5475,"date":"2024-03-22T17:31:55","date_gmt":"2024-03-22T16:31:55","guid":{"rendered":"https:\/\/shadesbymelanie.com\/?post_type=product&#038;p=5475"},"modified":"2026-01-16T15:54:42","modified_gmt":"2026-01-16T14:54:42","slug":"lirresistible-marbre-beige","status":"publish","type":"product","link":"https:\/\/shadesbymelanie.com\/index.php\/produit\/lirresistible-marbre-beige\/","title":{"rendered":"L&rsquo;Irr\u00e9sistible &#8211; Marbre beige"},"content":{"rendered":"<p><strong>Poids total : <\/strong>640\u00a0gr<\/p>\n<p><em>Chaque pi\u00e8ce est faite \u00e0 la main de fa\u00e7on artisanale,\u00a0dans mon atelier \u00e0 Bordeaux. Pour cette raison elle peut pr\u00e9senter quelques asp\u00e9rit\u00e9s et parfois de l\u00e9g\u00e8res variations de couleur, ce qui en fait un mod\u00e8le unique.<\/em><\/p>\n<p><strong>Conseils d&rsquo;utilisation :<\/strong><\/p>\n<ul>\n<li>Conserve ta bougie \u00e0 l\u2019abri de la chaleur et de la lumi\u00e8re pour prot\u00e9ger leur forme et leur couleur.<\/li>\n<li>Coupe la m\u00e8che \u00e0 5 mm avant chaque utilisation avec un outil adapt\u00e9 (retire l&rsquo;exc\u00e8s de m\u00e8che noircie).<\/li>\n<li>Lors de la premi\u00e8re utilisation laisse ta bougie br\u00fbler au moins 1h et veille \u00e0 ce que toute la surface de la cire soit liquide et forme ce qu&rsquo;on appelle \u00ab\u00a0une piscine\u00a0\u00bb. Cela \u00e9viter la formation de tunnel.<\/li>\n<li>Ne pas laisser br\u00fbler plus de 2h \u00e0 la fois<\/li>\n<li>Une fois la cire consum\u00e9e enti\u00e8rement, retire les r\u00e9sidus de cire et l&rsquo;attache en metal, rince ton pot avec du savon et de l&rsquo;eau clair, s\u00e8che-le avant de l&rsquo;utiliser comme tu le souhaites.<\/li>\n<\/ul>\n<p><strong>Ne laissez jamais une bougie allum\u00e9e sans surveillance et \u00e0 proximit\u00e9 de mat\u00e9riaux inflammables. \u00a0\u00c9loignez-les des enfants et des animaux de compagnie. Eviter d\u2019inhaler directement la fum\u00e9e.<\/strong><\/p>\n","protected":false},"excerpt":{"rendered":"<p><strong>Compositon <\/strong>: <em>Bougie<\/em> : Cire de Colza v\u00e9g\u00e9tale, vegan &amp; non test\u00e9e sur les animaux, m\u00e8che en bois, parfum de Grasse sans CMR. |\u00a0<em>Contenant<\/em> : Jesmonite (r\u00e9sine acrylique,\u00a0mat\u00e9riau \u00e9cologique, sans solvants ni compos\u00e9s organiques volatils (COV), et r\u00e9sistant au feu)<\/p>\n<p><strong>Petit +<\/strong> : Cette bougie est <strong>rechargeable<\/strong>. Une fois que ta bougie est enti\u00e8rement consum\u00e9e, tu peux acheter une recharge (du parfum de ton choix). Il te reste plus qu&rsquo;\u00e0 l&rsquo;ins\u00e9rer dans ton contenant, et profiter \u00e0 nouveau de son doux parfum.<\/p>\n<p><strong>Dimensions<\/strong> : 8.5 x 8.5 x 9 cm<\/p>\n<p><strong>Poids : <\/strong>200 gr, +\/- 30h de combustion<\/p>\n","protected":false},"featured_media":8739,"template":"","meta":[],"product_brand":[],"product_cat":[81],"product_tag":[],"class_list":{"0":"post-5475","1":"product","2":"type-product","3":"status-publish","4":"has-post-thumbnail","6":"product_cat-bougies-contenants","8":"first","9":"instock","10":"sale","11":"purchasable","12":"product-type-variable"},"jetpack_sharing_enabled":true,"_links":{"self":[{"href":"https:\/\/shadesbymelanie.com\/index.php\/wp-json\/wp\/v2\/product\/5475","targetHints":{"allow":["GET"]}}],"collection":[{"href":"https:\/\/shadesbymelanie.com\/index.php\/wp-json\/wp\/v2\/product"}],"about":[{"href":"https:\/\/shadesbymelanie.com\/index.php\/wp-json\/wp\/v2\/types\/product"}],"wp:featuredmedia":[{"embeddable":true,"href":"https:\/\/shadesbymelanie.com\/index.php\/wp-json\/wp\/v2\/media\/8739"}],"wp:attachment":[{"href":"https:\/\/shadesbymelanie.com\/index.php\/wp-json\/wp\/v2\/media?parent=5475"}],"wp:term":[{"taxonomy":"product_brand","embeddable":true,"href":"https:\/\/shadesbymelanie.com\/index.php\/wp-json\/wp\/v2\/product_brand?post=5475"},{"taxonomy":"product_cat","embeddable":true,"href":"https:\/\/shadesbymelanie.com\/index.php\/wp-json\/wp\/v2\/product_cat?post=5475"},{"taxonomy":"product_tag","embeddable":true,"href":"https:\/\/shadesbymelanie.com\/index.php\/wp-json\/wp\/v2\/product_tag?post=5475"}],"curies":[{"name":"wp","href":"https:\/\/api.w.org\/{rel}","templated":true}]}}