{"id":5708,"date":"2024-04-23T17:49:20","date_gmt":"2024-04-23T15:49:20","guid":{"rendered":"https:\/\/shadesbymelanie.com\/?post_type=product&#038;p=5708"},"modified":"2026-02-04T15:13:59","modified_gmt":"2026-02-04T14:13:59","slug":"creoles-lorea-marbre","status":"publish","type":"product","link":"https:\/\/shadesbymelanie.com\/index.php\/produit\/creoles-lorea-marbre\/","title":{"rendered":"Cr\u00e9oles Lorea"},"content":{"rendered":"<p>Chaque pi\u00e8ce est r\u00e9alis\u00e9e \u00e0 la main avec soin dans mon atelier \u00e0 Bordeaux. <strong>R\u00e9sistantes, confortables et tr\u00e8s l\u00e9g\u00e8res \u00e0 porter.<\/strong><\/p>\n<p>Poids : 7 g\/paire<\/p>\n<p>\ud83d\udc8e <strong><em>Composition &amp; Dimensions\u00a0:<\/em><\/strong><\/p>\n<p><em>Pampilles<\/em>\u00a0en argile polym\u00e8re<br \/>\n<em>Cr\u00e9oles ovales<\/em> en acier inoxydable dor\u00e9<\/p>\n<p><em>Pampilles fleurs :<\/em> 20 mm<br \/>\n<em>Cr\u00e9oles ovales<\/em> : 20&#215;16 mm<\/p>\n<p>&nbsp;<\/p>\n","protected":false},"excerpt":{"rendered":"<p>\ud83c\udf38 Paire de boucles d&rsquo;oreilles cr\u00e9oles effet <strong>marbr\u00e9, uni ou\u00a0<\/strong><b>z\u00e8br\u00e9<\/b>. Couleur au choix.<\/p>\n<p><strong>Petit + : <\/strong>Elles sont toutes <strong>interchangeables<\/strong>. Une fois que tu as choisi ta paire de cr\u00e9oles, tu peux \u00e9galement y ajouter des paires de pampilles seules (<em>sans cr\u00e9oles<\/em>).<\/p>\n<p>Chaque jour, tu pourras <strong>changer tes pampilles selon ta tenue<\/strong>. Alors si tu n&rsquo;arrives pas \u00e0 faire ton choix, ce n&rsquo;est pas grave, tu peux maintenant <strong>les collectionner<\/strong> ! \u2728<\/p>\n","protected":false},"featured_media":7595,"template":"","meta":[],"product_brand":[],"product_cat":[78],"product_tag":[],"class_list":{"0":"post-5708","1":"product","2":"type-product","3":"status-publish","4":"has-post-thumbnail","6":"product_cat-creoles","8":"first","9":"instock","10":"sale","11":"purchasable","12":"product-type-variable"},"jetpack_sharing_enabled":true,"_links":{"self":[{"href":"https:\/\/shadesbymelanie.com\/index.php\/wp-json\/wp\/v2\/product\/5708","targetHints":{"allow":["GET"]}}],"collection":[{"href":"https:\/\/shadesbymelanie.com\/index.php\/wp-json\/wp\/v2\/product"}],"about":[{"href":"https:\/\/shadesbymelanie.com\/index.php\/wp-json\/wp\/v2\/types\/product"}],"wp:featuredmedia":[{"embeddable":true,"href":"https:\/\/shadesbymelanie.com\/index.php\/wp-json\/wp\/v2\/media\/7595"}],"wp:attachment":[{"href":"https:\/\/shadesbymelanie.com\/index.php\/wp-json\/wp\/v2\/media?parent=5708"}],"wp:term":[{"taxonomy":"product_brand","embeddable":true,"href":"https:\/\/shadesbymelanie.com\/index.php\/wp-json\/wp\/v2\/product_brand?post=5708"},{"taxonomy":"product_cat","embeddable":true,"href":"https:\/\/shadesbymelanie.com\/index.php\/wp-json\/wp\/v2\/product_cat?post=5708"},{"taxonomy":"product_tag","embeddable":true,"href":"https:\/\/shadesbymelanie.com\/index.php\/wp-json\/wp\/v2\/product_tag?post=5708"}],"curies":[{"name":"wp","href":"https:\/\/api.w.org\/{rel}","templated":true}]}}