{"id":6951,"date":"2024-11-08T22:59:00","date_gmt":"2024-11-08T21:59:00","guid":{"rendered":"https:\/\/shadesbymelanie.com\/?post_type=product&#038;p=6951"},"modified":"2026-01-16T19:06:18","modified_gmt":"2026-01-16T18:06:18","slug":"bougie-alma","status":"publish","type":"product","link":"https:\/\/shadesbymelanie.com\/index.php\/produit\/bougie-alma\/","title":{"rendered":"Bougie Alma"},"content":{"rendered":"<p><em>Chaque pi\u00e8ce est faite \u00e0 la main de fa\u00e7on artisanale,\u00a0dans mon atelier \u00e0 Bordeaux. Pour cette raison elle peut pr\u00e9senter quelques asp\u00e9rit\u00e9s et parfois de l\u00e9g\u00e8res variations de couleur, ce qui en fait un mod\u00e8le unique.<\/em><\/p>\n<p>Mes bougies sont con\u00e7ues \u00e0 des fins d\u00e9coratives mais peuvent \u00eatre allum\u00e9es en veillant \u00e0 les placer sur un support r\u00e9sistant \u00e0 la chaleur, (comme mes plateaux en r\u00e9sine acrylique par exemple).<\/p>\n<p>\u2022 Lors de la premi\u00e8re utilisation, assurez-vous de couper la m\u00e8che \u00e0 environ 5 mm avant de la br\u00fbler. Ne br\u00fblez pas votre bougie plus de 2 heures \u00e0 la fois. Si la bougie goutte trop, \u00e9teignez-la et laissez-la refroidir avant de l\u2019utiliser \u00e0 nouveau.<\/p>\n<p>\u2022 Avant de rallumer votre bougie, je vous recommande de couper la m\u00e8che \u00e0 environ 5 \u00e0 8 mm de la surface de la cire afin de permettre une combustion plus lente.<\/p>\n<p>\u2022 \u00c9teindre la bougie lorsqu\u2019il reste plus que 1 cm de cire. La cire restante peut \u00eatre utilis\u00e9e dans votre chauffe-plat pour tirer le meilleur parti de l\u2019odeur.<\/p>\n<p>\u2022 Si votre bougie d\u00e9gage une l\u00e9g\u00e8re fum\u00e9e noire, n\u2019h\u00e9sitez pas \u00e0 recouper la m\u00e8che (celle-ci doit \u00eatre trop longue).<\/p>\n<p>Ne laissez jamais une bougie allum\u00e9e sans surveillance et \u00e0 proximit\u00e9 de mat\u00e9riaux inflammables. Ne gardez pas vos bougies en plein soleil et gardez-les \u00e0 l\u2019\u00e9cart des sources de chaleur, pour prot\u00e9ger leur forme et leur couleur. \u00c9loignez-les des enfants et des animaux de compagnie. Gardez toujours une distance de 10 cm entre les bougies allum\u00e9es. Bien ventiler la pi\u00e8ce apr\u00e8s utilisation. \u00e9viter d\u2019inhaler directement la fum\u00e9e.<\/p>\n<p>Parfums : J\u2019utilise 7 % de charge de parfum de Grasse pour mes bougies. Garantie sans substances CMR. Ne contient pas de phtalate.<\/p>\n","protected":false},"excerpt":{"rendered":"<p><strong>Mati\u00e8re<\/strong> : Fabriqu\u00e9e avec de la cire de colza naturelle, vegan &amp; non test\u00e9e sur les animaux. Parfums de Grasse, diff\u00e9rentes senteurs : vanille, fleur de coton ou sans parfum. M\u00e8che en coton. Couleur naturelle de la cire (ivoire).<\/p>\n<p><strong>Dimensions<\/strong> : 13x8x8 cm<\/p>\n","protected":false},"featured_media":6956,"template":"","meta":[],"product_brand":[],"product_cat":[68],"product_tag":[],"class_list":{"0":"post-6951","1":"product","2":"type-product","3":"status-publish","4":"has-post-thumbnail","6":"product_cat-bougies","8":"first","9":"instock","10":"sale","11":"purchasable","12":"product-type-variable"},"jetpack_sharing_enabled":true,"_links":{"self":[{"href":"https:\/\/shadesbymelanie.com\/index.php\/wp-json\/wp\/v2\/product\/6951","targetHints":{"allow":["GET"]}}],"collection":[{"href":"https:\/\/shadesbymelanie.com\/index.php\/wp-json\/wp\/v2\/product"}],"about":[{"href":"https:\/\/shadesbymelanie.com\/index.php\/wp-json\/wp\/v2\/types\/product"}],"wp:featuredmedia":[{"embeddable":true,"href":"https:\/\/shadesbymelanie.com\/index.php\/wp-json\/wp\/v2\/media\/6956"}],"wp:attachment":[{"href":"https:\/\/shadesbymelanie.com\/index.php\/wp-json\/wp\/v2\/media?parent=6951"}],"wp:term":[{"taxonomy":"product_brand","embeddable":true,"href":"https:\/\/shadesbymelanie.com\/index.php\/wp-json\/wp\/v2\/product_brand?post=6951"},{"taxonomy":"product_cat","embeddable":true,"href":"https:\/\/shadesbymelanie.com\/index.php\/wp-json\/wp\/v2\/product_cat?post=6951"},{"taxonomy":"product_tag","embeddable":true,"href":"https:\/\/shadesbymelanie.com\/index.php\/wp-json\/wp\/v2\/product_tag?post=6951"}],"curies":[{"name":"wp","href":"https:\/\/api.w.org\/{rel}","templated":true}]}}