{"id":7907,"date":"2025-04-08T17:07:35","date_gmt":"2025-04-08T15:07:35","guid":{"rendered":"https:\/\/shadesbymelanie.com\/?post_type=product&#038;p=7907"},"modified":"2026-01-24T17:25:42","modified_gmt":"2026-01-24T16:25:42","slug":"plateau-olivia-chocolat","status":"publish","type":"product","link":"https:\/\/shadesbymelanie.com\/index.php\/produit\/plateau-olivia-chocolat\/","title":{"rendered":"Plateau Olivia &#8211; Chocolat"},"content":{"rendered":"<p><strong>Mati\u00e8re<\/strong>\u00a0: R\u00e9sine acrylique. Non-toxique, \u00e0 base d\u2019eau, sans solvant ou COV.<\/p>\n<p><strong>Entretien\u00a0: <\/strong>Un vernis acrylique est appliqu\u00e9e sur chaque objet afin de le prot\u00e9ger de l\u2019exposition ou des dommages caus\u00e9s par l\u2019eau.\u00a0\u00a0Vous pouvez le nettoyer avec un chiffon doux humide et il est recommand\u00e9 de nettoyer les t\u00e2ches tenaces telles que le caf\u00e9, le th\u00e9, le vin etc le plus rapidement possible. Evitez toute \u00e9ponge ou autre objet grattant ainsi que les produits d\u2019entretien car vous risqueriez d\u2019en ab\u00eemer la surface.<\/p>\n<p><strong>A noter<\/strong> : Chaque pi\u00e8ce est faite \u00e0 la main de fa\u00e7on artisanale,\u00a0dans mon atelier \u00e0 Bordeaux. Pour cette raison elle peut pr\u00e9senter quelques asp\u00e9rit\u00e9s et parfois de l\u00e9g\u00e8res variations de couleur, ce qui en fait un mod\u00e8le unique.<\/p>\n<p>Le d\u00e9lai de traitement de vos commandes varie entre 1 \u00e0 5 jours.<\/p>\n","protected":false},"excerpt":{"rendered":"<p>Plateau ovale bicolore chocolat et marbre beige. Chaque pi\u00e8ce est unique.<\/p>\n<p>Un tr\u00e8s grand plateau ovale, parfait pour \u00e0 la fois ajouter une petite touche de d\u00e9co et \u00e9galement servir de support. <strong>Dimensions<\/strong> : 40\u00d718&#215;1 cm<\/p>\n","protected":false},"featured_media":7908,"template":"","meta":[],"product_brand":[],"product_cat":[49],"product_tag":[],"class_list":{"0":"post-7907","1":"product","2":"type-product","3":"status-publish","4":"has-post-thumbnail","6":"product_cat-plateaux","8":"first","9":"instock","10":"purchasable","11":"product-type-simple"},"jetpack_sharing_enabled":true,"_links":{"self":[{"href":"https:\/\/shadesbymelanie.com\/index.php\/wp-json\/wp\/v2\/product\/7907","targetHints":{"allow":["GET"]}}],"collection":[{"href":"https:\/\/shadesbymelanie.com\/index.php\/wp-json\/wp\/v2\/product"}],"about":[{"href":"https:\/\/shadesbymelanie.com\/index.php\/wp-json\/wp\/v2\/types\/product"}],"wp:featuredmedia":[{"embeddable":true,"href":"https:\/\/shadesbymelanie.com\/index.php\/wp-json\/wp\/v2\/media\/7908"}],"wp:attachment":[{"href":"https:\/\/shadesbymelanie.com\/index.php\/wp-json\/wp\/v2\/media?parent=7907"}],"wp:term":[{"taxonomy":"product_brand","embeddable":true,"href":"https:\/\/shadesbymelanie.com\/index.php\/wp-json\/wp\/v2\/product_brand?post=7907"},{"taxonomy":"product_cat","embeddable":true,"href":"https:\/\/shadesbymelanie.com\/index.php\/wp-json\/wp\/v2\/product_cat?post=7907"},{"taxonomy":"product_tag","embeddable":true,"href":"https:\/\/shadesbymelanie.com\/index.php\/wp-json\/wp\/v2\/product_tag?post=7907"}],"curies":[{"name":"wp","href":"https:\/\/api.w.org\/{rel}","templated":true}]}}