{"id":8656,"date":"2025-09-04T23:13:18","date_gmt":"2025-09-04T21:13:18","guid":{"rendered":"https:\/\/shadesbymelanie.com\/?post_type=product&#038;p=8656"},"modified":"2025-12-05T22:44:22","modified_gmt":"2025-12-05T21:44:22","slug":"brule-parfum-marbre-chocolat","status":"publish","type":"product","link":"https:\/\/shadesbymelanie.com\/index.php\/produit\/brule-parfum-marbre-chocolat\/","title":{"rendered":"Br\u00fble-parfum &#8211; Marbre chocolat"},"content":{"rendered":"<p>\ud83c\udf43 <em><strong>Mati\u00e8re<\/strong>\u00a0<\/em>: R\u00e9sine acrylique. Non-toxique, \u00e0 base d\u2019eau, sans solvant ou COV. Coupelle en verre.<\/p>\n<p>\u2696\ufe0f <em><strong>Poids<\/strong><\/em> <strong>:<\/strong> 550 gr<\/p>\n<p><strong><em>Dimensions<\/em> <em>:<\/em><\/strong> 9x8x9 cm<\/p>\n<p><strong><em>Entretien<\/em>\u00a0: <\/strong>Un vernis acrylique est appliqu\u00e9e sur chaque objet afin de le prot\u00e9ger de l\u2019exposition ou des dommages caus\u00e9s par l\u2019eau, ou la cire. \u00a0Vous pouvez le nettoyer avec un chiffon doux humide et il est recommand\u00e9 de nettoyer les t\u00e2ches tenaces le plus rapidement possible. Evitez toute \u00e9ponge ou autre objet grattant ainsi que les produits d\u2019entretien car vous risqueriez d\u2019en ab\u00eemer la surface.<\/p>\n<p>\ud83e\udd0e <em><strong>Comment utiliser les fondants ?\u00a0<\/strong><\/em><\/p>\n<p>Les fondants parfum\u00e9s<strong> s\u2019utilisent avec un br\u00fble-parfum<\/strong>. Il te suffit de d\u00e9poser le fondant dans la coupelle sup\u00e9rieur de ton br\u00fbleur, puis allumer une bougie chauffe-plat dans la partie inf\u00e9rieure. Le fondant va ensuite fondre sous l\u2019effet de la chaleur et ainsi diffuser son doux parfum dans ton int\u00e9rieur !<\/p>\n<p>Le fondant parfum\u00e9 s&rsquo;utilise plusieurs fois jusqu&rsquo;\u00e0 l&rsquo;\u00e9vaporation totale du parfum. Attention la cire ne se consume pas comme une bougie car il n&rsquo;y a pas de m\u00e8che, elle se solidifie une fois refroidie.<\/p>\n<p>\ud83e\udef6\ud83c\udffb <em>Chaque pi\u00e8ce est faite \u00e0 la main de fa\u00e7on artisanale,\u00a0dans mon atelier \u00e0 Bordeaux. Pour cette raison elle peut pr\u00e9senter quelques asp\u00e9rit\u00e9s et parfois de l\u00e9g\u00e8res variations de couleur, ce qui en fait un mod\u00e8le unique.<\/em><\/p>\n","protected":false},"excerpt":{"rendered":"<p>\ud83c\udf38 <strong>Br\u00fble-parfum, <\/strong>couleur<strong> marbr\u00e9 chocolat<\/strong>. Fabriqu\u00e9 artisanalement dans mon atelier \u00e0 Bordeaux. Vendu dans sa bo\u00eete cadeau, avec <strong>une bougie chauffe-plat offerte<\/strong>.<\/p>\n<p>Le br\u00fble-parfum est un <strong>accessoire indispensable<\/strong> pour d\u00e9corer votre int\u00e9rieur et diffuser un d\u00e9licieux parfum d\u2019ambiance dans votre pi\u00e8ce \u00e0 vivre.<\/p>\n","protected":false},"featured_media":9193,"template":"","meta":[],"product_brand":[],"product_cat":[90],"product_tag":[],"class_list":{"0":"post-8656","1":"product","2":"type-product","3":"status-publish","4":"has-post-thumbnail","6":"product_cat-fondants-parfumes","8":"first","9":"instock","10":"purchasable","11":"product-type-simple"},"jetpack_sharing_enabled":true,"_links":{"self":[{"href":"https:\/\/shadesbymelanie.com\/index.php\/wp-json\/wp\/v2\/product\/8656","targetHints":{"allow":["GET"]}}],"collection":[{"href":"https:\/\/shadesbymelanie.com\/index.php\/wp-json\/wp\/v2\/product"}],"about":[{"href":"https:\/\/shadesbymelanie.com\/index.php\/wp-json\/wp\/v2\/types\/product"}],"wp:featuredmedia":[{"embeddable":true,"href":"https:\/\/shadesbymelanie.com\/index.php\/wp-json\/wp\/v2\/media\/9193"}],"wp:attachment":[{"href":"https:\/\/shadesbymelanie.com\/index.php\/wp-json\/wp\/v2\/media?parent=8656"}],"wp:term":[{"taxonomy":"product_brand","embeddable":true,"href":"https:\/\/shadesbymelanie.com\/index.php\/wp-json\/wp\/v2\/product_brand?post=8656"},{"taxonomy":"product_cat","embeddable":true,"href":"https:\/\/shadesbymelanie.com\/index.php\/wp-json\/wp\/v2\/product_cat?post=8656"},{"taxonomy":"product_tag","embeddable":true,"href":"https:\/\/shadesbymelanie.com\/index.php\/wp-json\/wp\/v2\/product_tag?post=8656"}],"curies":[{"name":"wp","href":"https:\/\/api.w.org\/{rel}","templated":true}]}}