{"id":8686,"date":"2025-09-08T13:09:59","date_gmt":"2025-09-08T11:09:59","guid":{"rendered":"https:\/\/shadesbymelanie.com\/?post_type=product&#038;p=8686"},"modified":"2025-12-05T22:59:19","modified_gmt":"2025-12-05T21:59:19","slug":"fondant-parfume-caramel-beurre-sale","status":"publish","type":"product","link":"https:\/\/shadesbymelanie.com\/index.php\/produit\/fondant-parfume-caramel-beurre-sale\/","title":{"rendered":"Fondant parfum\u00e9 &#8211; Caramel beurre sal\u00e9"},"content":{"rendered":"<p>\ud83c\udf43 <strong>Composition : <\/strong>90% Cire de Colza v\u00e9g\u00e9tale, vegan &amp; non test\u00e9e sur les animaux, 10% Parfum de Grasse sans CMR et sans phtalates, colorant mica naturel.<\/p>\n<p>\u2696\ufe0f <strong>Poids<\/strong> : 30 gr le fondant<\/p>\n<p>\ud83e\udd0e <strong>Pyramide olfactive &#8211; Caramel beurre sal\u00e9 :<\/strong><\/p>\n<ul class=\"pyramide_texts\">\n<li class=\"\">Notes de t\u00eate : Accord sal\u00e9, coconut<\/li>\n<li class=\"\">Notes de coeur : Caramel<\/li>\n<li class=\"\">Notes de fond : Vanille, accord lact\u00e9<\/li>\n<\/ul>\n<p><em><strong>Comment utiliser les fondants ?\u00a0<\/strong><\/em><\/p>\n<p>Les fondants parfum\u00e9s s\u2019utilisent avec un br\u00fble-parfum. Il te suffit de d\u00e9poser le fondant dans la coupelle sup\u00e9rieur de ton br\u00fbleur, puis allumer une bougie chauffe-plat dans la partie inf\u00e9rieure. Le fondant va ensuite fondre sous l\u2019effet de la chaleur et ainsi diffuser son doux parfum dans ton int\u00e9rieur !<\/p>\n<p>Conservez les fondants parfum\u00e9s dans un endroit frais et sec, \u00e0 l&rsquo;abri de la lumi\u00e8re directe du soleil, de la chaleur excessive ou du froid extr\u00eame.<\/p>\n<p>Le fondant parfum\u00e9 s&rsquo;utilise plusieurs fois jusqu&rsquo;\u00e0 l&rsquo;\u00e9vaporation totale du parfum. Attention la cire ne se consume pas comme une bougie car il n&rsquo;y a pas de m\u00e8che, elle se solidifie une fois refroidie.<\/p>\n<p>\ud83e\udef6\ud83c\udffb <em>Chaque pi\u00e8ce est faite \u00e0 la main de fa\u00e7on artisanale,\u00a0dans mon atelier \u00e0 Bordeaux. Pour cette raison elle peut pr\u00e9senter quelques asp\u00e9rit\u00e9s et parfois de l\u00e9g\u00e8res variations de couleur, ce qui en fait un mod\u00e8le unique.<\/em><\/p>\n","protected":false},"excerpt":{"rendered":"<p>\ud83c\udf38 Fondant parfum\u00e9 senteur <strong>Caramel beurre sal\u00e9<\/strong>. Jusqu&rsquo;\u00e0 25h de diffusion. <strong><em>Vendu \u00e0 l&rsquo;unit\u00e9<\/em><\/strong>. Fabriqu\u00e9 artisanalement dans mon atelier \u00e0 Bordeaux.<\/p>\n<p><strong><em>Composition<\/em> : <\/strong>90% Cire de Colza v\u00e9g\u00e9tale, vegan &amp; non test\u00e9e sur les animaux, 10% Parfum de Grasse sans CMR et sans phtalates, colorant mica naturel.<\/p>\n","protected":false},"featured_media":8926,"template":"","meta":[],"product_brand":[],"product_cat":[90],"product_tag":[],"class_list":{"0":"post-8686","1":"product","2":"type-product","3":"status-publish","4":"has-post-thumbnail","6":"product_cat-fondants-parfumes","8":"first","9":"instock","10":"purchasable","11":"product-type-simple"},"jetpack_sharing_enabled":true,"_links":{"self":[{"href":"https:\/\/shadesbymelanie.com\/index.php\/wp-json\/wp\/v2\/product\/8686","targetHints":{"allow":["GET"]}}],"collection":[{"href":"https:\/\/shadesbymelanie.com\/index.php\/wp-json\/wp\/v2\/product"}],"about":[{"href":"https:\/\/shadesbymelanie.com\/index.php\/wp-json\/wp\/v2\/types\/product"}],"wp:featuredmedia":[{"embeddable":true,"href":"https:\/\/shadesbymelanie.com\/index.php\/wp-json\/wp\/v2\/media\/8926"}],"wp:attachment":[{"href":"https:\/\/shadesbymelanie.com\/index.php\/wp-json\/wp\/v2\/media?parent=8686"}],"wp:term":[{"taxonomy":"product_brand","embeddable":true,"href":"https:\/\/shadesbymelanie.com\/index.php\/wp-json\/wp\/v2\/product_brand?post=8686"},{"taxonomy":"product_cat","embeddable":true,"href":"https:\/\/shadesbymelanie.com\/index.php\/wp-json\/wp\/v2\/product_cat?post=8686"},{"taxonomy":"product_tag","embeddable":true,"href":"https:\/\/shadesbymelanie.com\/index.php\/wp-json\/wp\/v2\/product_tag?post=8686"}],"curies":[{"name":"wp","href":"https:\/\/api.w.org\/{rel}","templated":true}]}}