{"id":9061,"date":"2025-10-20T15:06:40","date_gmt":"2025-10-20T13:06:40","guid":{"rendered":"https:\/\/shadesbymelanie.com\/?post_type=product&#038;p=9061"},"modified":"2026-01-16T18:33:27","modified_gmt":"2026-01-16T17:33:27","slug":"bracelet-olivia-mix-n4","status":"publish","type":"product","link":"https:\/\/shadesbymelanie.com\/index.php\/produit\/bracelet-olivia-mix-n4\/","title":{"rendered":"Bracelet Olivia &#8211; Mix n\u00b04"},"content":{"rendered":"<p>Bracelet color\u00e9 sur fil \u00e9lastique compos\u00e9 de perles ovales acryliques &amp; de perles rondes en acier inoxydable dor\u00e9. Taille unique.<\/p>\n<p>Les bracelets sont livr\u00e9s dans un joli petit pochon en satin sign\u00e9 Shades by M\u00e9lanie.<\/p>\n<p>R\u00e9sistant et l\u00e9ger &#8211; <em>Fabriqu\u00e9 dans mon atelier \u00e0 Bordeaux. <\/em><\/p>\n","protected":false},"excerpt":{"rendered":"<p>Bracelet color\u00e9 sur fil \u00e9lastique compos\u00e9 de perles ovales acryliques &amp; de perles rondes en acier inoxydable dor\u00e9. Taille unique.<\/p>\n","protected":false},"featured_media":9053,"template":"","meta":[],"product_brand":[],"product_cat":[65],"product_tag":[],"class_list":{"0":"post-9061","1":"product","2":"type-product","3":"status-publish","4":"has-post-thumbnail","6":"product_cat-bracelets","8":"first","9":"instock","10":"sale","11":"purchasable","12":"product-type-simple"},"jetpack_sharing_enabled":true,"_links":{"self":[{"href":"https:\/\/shadesbymelanie.com\/index.php\/wp-json\/wp\/v2\/product\/9061","targetHints":{"allow":["GET"]}}],"collection":[{"href":"https:\/\/shadesbymelanie.com\/index.php\/wp-json\/wp\/v2\/product"}],"about":[{"href":"https:\/\/shadesbymelanie.com\/index.php\/wp-json\/wp\/v2\/types\/product"}],"wp:featuredmedia":[{"embeddable":true,"href":"https:\/\/shadesbymelanie.com\/index.php\/wp-json\/wp\/v2\/media\/9053"}],"wp:attachment":[{"href":"https:\/\/shadesbymelanie.com\/index.php\/wp-json\/wp\/v2\/media?parent=9061"}],"wp:term":[{"taxonomy":"product_brand","embeddable":true,"href":"https:\/\/shadesbymelanie.com\/index.php\/wp-json\/wp\/v2\/product_brand?post=9061"},{"taxonomy":"product_cat","embeddable":true,"href":"https:\/\/shadesbymelanie.com\/index.php\/wp-json\/wp\/v2\/product_cat?post=9061"},{"taxonomy":"product_tag","embeddable":true,"href":"https:\/\/shadesbymelanie.com\/index.php\/wp-json\/wp\/v2\/product_tag?post=9061"}],"curies":[{"name":"wp","href":"https:\/\/api.w.org\/{rel}","templated":true}]}}