{"id":9275,"date":"2026-01-21T17:10:30","date_gmt":"2026-01-21T16:10:30","guid":{"rendered":"https:\/\/shadesbymelanie.com\/?post_type=product&#038;p=9275"},"modified":"2026-01-23T17:36:17","modified_gmt":"2026-01-23T16:36:17","slug":"bracelet-alma-caramel","status":"publish","type":"product","link":"https:\/\/shadesbymelanie.com\/index.php\/produit\/bracelet-alma-caramel\/","title":{"rendered":"Bracelet Alma &#8211; Caramel"},"content":{"rendered":"<p>Bracelet color\u00e9 sur fil \u00e9lastique compos\u00e9 de perles cubiques en acrylique &amp; de petites perles rondes en acier inoxydable dor\u00e9. Existe en taille S (petit poignet) et en taille M.<\/p>\n<p>Les bracelets sont livr\u00e9s dans un joli petit pochon en satin sign\u00e9 Shades by M\u00e9lanie.<\/p>\n<p>R\u00e9sistant et l\u00e9ger &#8211; <em>Fabriqu\u00e9 dans mon atelier \u00e0 Bordeaux. <\/em><\/p>\n","protected":false},"excerpt":{"rendered":"<p>Bracelet color\u00e9 sur fil \u00e9lastique compos\u00e9 de perles cubiques en acrylique &amp; de petites perles rondes en acier inoxydable dor\u00e9. Existe en taille S (petit poignet) et en taille M.<\/p>\n","protected":false},"featured_media":9301,"template":"","meta":[],"product_brand":[],"product_cat":[65],"product_tag":[],"class_list":{"0":"post-9275","1":"product","2":"type-product","3":"status-publish","4":"has-post-thumbnail","6":"product_cat-bracelets","8":"first","9":"instock","10":"purchasable","11":"product-type-variable"},"jetpack_sharing_enabled":true,"_links":{"self":[{"href":"https:\/\/shadesbymelanie.com\/index.php\/wp-json\/wp\/v2\/product\/9275","targetHints":{"allow":["GET"]}}],"collection":[{"href":"https:\/\/shadesbymelanie.com\/index.php\/wp-json\/wp\/v2\/product"}],"about":[{"href":"https:\/\/shadesbymelanie.com\/index.php\/wp-json\/wp\/v2\/types\/product"}],"wp:featuredmedia":[{"embeddable":true,"href":"https:\/\/shadesbymelanie.com\/index.php\/wp-json\/wp\/v2\/media\/9301"}],"wp:attachment":[{"href":"https:\/\/shadesbymelanie.com\/index.php\/wp-json\/wp\/v2\/media?parent=9275"}],"wp:term":[{"taxonomy":"product_brand","embeddable":true,"href":"https:\/\/shadesbymelanie.com\/index.php\/wp-json\/wp\/v2\/product_brand?post=9275"},{"taxonomy":"product_cat","embeddable":true,"href":"https:\/\/shadesbymelanie.com\/index.php\/wp-json\/wp\/v2\/product_cat?post=9275"},{"taxonomy":"product_tag","embeddable":true,"href":"https:\/\/shadesbymelanie.com\/index.php\/wp-json\/wp\/v2\/product_tag?post=9275"}],"curies":[{"name":"wp","href":"https:\/\/api.w.org\/{rel}","templated":true}]}}