{"id":9290,"date":"2026-01-21T17:46:15","date_gmt":"2026-01-21T16:46:15","guid":{"rendered":"https:\/\/shadesbymelanie.com\/?post_type=product&#038;p=9290"},"modified":"2026-01-26T17:42:01","modified_gmt":"2026-01-26T16:42:01","slug":"collier-alma-taupe","status":"publish","type":"product","link":"https:\/\/shadesbymelanie.com\/index.php\/produit\/collier-alma-taupe\/","title":{"rendered":"Collier Alma &#8211; Taupe"},"content":{"rendered":"<p>Collier Alma compos\u00e9 de 20 perles cubiques en acrylique, et de perles rondes en acier inoxydable dor\u00e9. Taille : 43cm de long + 5cm chainette de rallonge<\/p>\n<p>Le collier est livr\u00e9 dans un joli petit pochon.<\/p>\n<p>R\u00e9sistant et l\u00e9ger &#8211; <em>Fabriqu\u00e9 dans mon atelier \u00e0 Bordeaux. <\/em><\/p>\n","protected":false},"excerpt":{"rendered":"<p>Collier Alma compos\u00e9 de 20 perles cubiques en acrylique, et de perles rondes en acier inoxydable dor\u00e9.<\/p>\n<p>Taille : 43cm de long + 5cm chainette de rallonge<\/p>\n","protected":false},"featured_media":9364,"template":"","meta":[],"product_brand":[],"product_cat":[89],"product_tag":[],"class_list":{"0":"post-9290","1":"product","2":"type-product","3":"status-publish","4":"has-post-thumbnail","6":"product_cat-colliers","8":"first","9":"instock","10":"purchasable","11":"product-type-simple"},"jetpack_sharing_enabled":true,"_links":{"self":[{"href":"https:\/\/shadesbymelanie.com\/index.php\/wp-json\/wp\/v2\/product\/9290","targetHints":{"allow":["GET"]}}],"collection":[{"href":"https:\/\/shadesbymelanie.com\/index.php\/wp-json\/wp\/v2\/product"}],"about":[{"href":"https:\/\/shadesbymelanie.com\/index.php\/wp-json\/wp\/v2\/types\/product"}],"wp:featuredmedia":[{"embeddable":true,"href":"https:\/\/shadesbymelanie.com\/index.php\/wp-json\/wp\/v2\/media\/9364"}],"wp:attachment":[{"href":"https:\/\/shadesbymelanie.com\/index.php\/wp-json\/wp\/v2\/media?parent=9290"}],"wp:term":[{"taxonomy":"product_brand","embeddable":true,"href":"https:\/\/shadesbymelanie.com\/index.php\/wp-json\/wp\/v2\/product_brand?post=9290"},{"taxonomy":"product_cat","embeddable":true,"href":"https:\/\/shadesbymelanie.com\/index.php\/wp-json\/wp\/v2\/product_cat?post=9290"},{"taxonomy":"product_tag","embeddable":true,"href":"https:\/\/shadesbymelanie.com\/index.php\/wp-json\/wp\/v2\/product_tag?post=9290"}],"curies":[{"name":"wp","href":"https:\/\/api.w.org\/{rel}","templated":true}]}}